{"id":292,"date":"2023-07-07T09:17:37","date_gmt":"2023-07-07T09:17:37","guid":{"rendered":"https:\/\/insta.bananierbleu.fr\/?page_id=292"},"modified":"2026-01-06T21:45:51","modified_gmt":"2026-01-06T20:45:51","slug":"pourquoi","status":"publish","type":"page","link":"https:\/\/afrocaribbeanbeats.com\/en\/pourquoi\/","title":{"rendered":"Why?"},"content":{"rendered":"<div class=\"wp-block-columns is-layout-flex wp-container-core-columns-is-layout-28f84493 wp-block-columns-is-layout-flex\">\n<div class=\"wp-block-column is-layout-flow wp-block-column-is-layout-flow\" style=\"flex-basis:66.66%\">\n<p>Depuis 2020, je poste avec plus ou moins de r\u00e9gularit\u00e9 sur Instagram une petite discoth\u00e8que afro-carib\u00e9enne, assortie de courtes pr\u00e9sentations. Encore un projet d\u00e9marr\u00e9 \u00e0 l\u2019occasion de l\u2019\u00e9trange p\u00e9riode du confinement\u2026 pour s\u2019occuper et se changer les id\u00e9es ! L\u2019objectif \u00e9tait de faire revivre les disques, historiques, anecdotiques, oubli\u00e9s ou bien incontournables, qui ont jalonn\u00e9 ces derni\u00e8res d\u00e9cennies musicales. Cela ne justifie pas toujours un article encyclop\u00e9dique complet, mais une simple petite remise en lumi\u00e8re, pour la bonne bouche. Une madeleine pour les anciens, une d\u00e9couverte pour les modernes. Ces billets sont aussi l\u2019occasion d\u2019ajouter deux mots sur les artistes qui ont fait ces musiques, et nous enchantent encore aujourd\u2019hui, pour replacer les albums dans leur contexte. Enfin, avec ces publications, il \u00e9tait possible d\u2019\u00eatre un peu plus libre que sur le site amiral du <a href=\"https:\/\/bananierbleu.fr\" target=\"_blank\" rel=\"noreferrer noopener\">Bananier bleu<\/a>, et de se d\u00e9marquer d\u2019une ligne \u00e9ditoriale exclusivement jazz. Les liens entre les deux sont cependant \u00e9vidents et assum\u00e9s.<\/p>\n\n\n\n<p>Le format court d\u2019Instagram se pr\u00eate bien \u00e0 l\u2019exercice, et le r\u00e9seau est en vogue actuellement. En revanche, il manque d\u2019outils pour constituer une archive efficace. Son aspect instantan\u00e9 tend \u00e0 faire dispara\u00eetre au fond du puits les publications. Aucun outil de recherche s\u00e9rieux n\u2019existe pour y retrouver des publications. Surtout, Instagram ne nous appartient pas. C\u2019est m\u00eame plut\u00f4t le contraire. Le jour o\u00f9 Meta d\u00e9cidera de changer les r\u00e8gles, nous ne pourrons que les accepter ou dispara\u00eetre.<\/p>\n\n\n\n<p>J\u2019ai donc opt\u00e9 pour un blog de plus, et c\u2019est ainsi qu\u2019est n\u00e9 <strong>Afro Caribbean Beats<\/strong>, <em>la discoth\u00e8que incompl\u00e8te du Bananier bleu<\/em>. D\u00e9marr\u00e9 en juillet 2023 en r\u00e9cup\u00e9rant ce qui avait d\u00e9j\u00e0 \u00e9t\u00e9 post\u00e9 sur Instagram, le blog a franchi, moins d&rsquo;un an plus tard, la barre symbolique des 500 disques. Et peu ou prou, deux \u00e0 trois nouveaux disques sont ajout\u00e9s chaque semaine. On peut donc d\u00e9sormais fouiller ces archives et plusieurs outils permettent d\u2019en faciliter la recherche. Et si vous ne savez pas par o\u00f9 commencer, cliquez sur le bouton \u201cAu hasard\u201d dans le menu, et laissez-vous porter. Les commentaires sont les bienvenus, et m\u00eame les propositions d\u2019albums manquants. Enfin, n&rsquo;oubliez pas de partager l&rsquo;adresse du blog sur vos r\u00e9seaux : <a href=\"https:\/\/afrocaribbeanbeats.com\/en\/\">https:\/\/afrocaribbeanbeats.com\/<\/a>.<\/p>\n\n\n\n<p class=\"has-text-align-left\"><em>Christophe \u2013 juillet 2023 &#8211; mise \u00e0 jour mai 2024<\/em><\/p>\n\n\n\n<p>PS. Si vous voulez recevoir les nouveaux billets automatiquement, vous pouvez utiliser le flux <strong>RSS <\/strong>du blog (<em>https:\/\/afrocaribbeanbeats.com\/feed<\/em>). C&rsquo;est tr\u00e8s pratique d&rsquo;acc\u00e8s, avec un plugin comme FeedBro sur Firefox, ou bien RSS Feed Reader sur Chrome. Sinon, ils sont aussi relay\u00e9s sur <a href=\"https:\/\/bsky.app\/profile\/bananierbleu.bsky.social\" target=\"_blank\" rel=\"noreferrer noopener\">le compte <strong>BlueSky <\/strong>du Bananier bleu<\/a> auquel je ne peux que vous conseiller de vous abonner (Twitter, c&rsquo;est fini), ainsi que sur <a href=\"https:\/\/www.facebook.com\/lebananierbleu\/\">la page <strong>Facebook <\/strong>du Bananier bleu<\/a>.<\/p>\n\n\n\n<div class=\"wp-block-uagb-advanced-heading uagb-block-08adb5b3\"><h2 class=\"uagb-heading-text\">Un peu de lecture<\/h2><\/div>\n\n\n\n<ul class=\"wp-block-list\">\n<li>Besnard, Lionel. <strong><em>Musiques ultramarines : tr\u00e9sors discographiques des Cara\u00efbes, oc\u00e9ans Indien &amp; Pacifique<\/em><\/strong>. Marseille : le Mot et le reste, 2022.<\/li>\n\n\n\n<li>Bigot, Yves &amp; Dibango, Manu. <strong><em>Manu Dibango : Conversations avec Yves Bigot<\/em><\/strong>. Le Mot Et Le Reste, 2023.<\/li>\n\n\n\n<li>Blum, Bruno. <strong><em>Les musiques des Cara\u00efbes &#8211; Tome 1\u202f: du vaudou au calypso<\/em><\/strong>. Castor music. Montreuil: Le Castor Astral, 2021.<\/li>\n\n\n\n<li>Chotard, Oc\u00e9ane. <strong><em>Les sillons du Gwo ka<\/em><\/strong>. Master de recherche en musicologie, Universit\u00e9 Fran\u00e7ois Rabelais, 2008.<\/li>\n\n\n\n<li>Clerfeuille, Fabrice, et Yannis Ruel. <strong><em>Salsa\u202f! &#8211; Un voyage musical en 100 disques essentiels.<\/em><\/strong> Attitudes. le Mot et le reste, 2024.<\/li>\n\n\n\n<li>D\u00e9cimus, Pierre-Edouard. <strong><em>Pou z\u00f2t &#8211; Kassav\u2019 &#8211; Love and Ka-dance<\/em><\/strong>. Pointe-\u00e0-Pitre: Editions Jasor, 2023. https:\/\/www.editionsjasor.fr\/product-page\/pou-z\u00f2t-kassav-love-and-ka-dance.<\/li>\n\n\n\n<li>Dicale, Bertrand. <strong><em>Ni noires ni blanches\u202f: histoire des musiques cr\u00e9oles.<\/em><\/strong> La Rue Musicale. Philharmonie de Paris, 2017.<\/li>\n\n\n\n<li>Doidy, \u00c9ric, et Lola Reynaerts. <strong><em>New Orleans: 100 ans de musiques.<\/em><\/strong> Marseille : le Mot et le reste, 2022.<\/li>\n\n\n\n<li>Ketchiemen, Arol. <strong><em>Les Ic\u00f4nes de la Musique Camerounaise<\/em><\/strong>. Les \u00e9ditions du Muntu, Cameroun, 2018.<\/li>\n\n\n\n<li>Mazzoleni, Florent. <strong><em>Africa 100 &#8211; La Travers\u00e9e Sonore d\u2019un Continent<\/em><\/strong>. Attitudes. le Mot et le reste, 2012.<\/li>\n\n\n\n<li>Rond\u00f3n, C\u00e9sar Miguel, et Maxime Bisson. <strong><em>Le livre de la salsa: chronique de la musique de la cara\u00efbe urbaine<\/em><\/strong>. Paris: Editions Allia, 2023.<\/li>\n\n\n\n<li>Sitson, Gino. <strong><em>Santiman et lokans dans le Gwoka.<\/em><\/strong> Pens\u00e9e musicale. Delatour, 2020.<\/li>\n<\/ul>\n\n\n\n<div class=\"wp-block-uagb-advanced-heading uagb-block-c82bf595\"><h2 class=\"uagb-heading-text\">Les autres sites<\/h2><\/div>\n\n\n\n<ul class=\"wp-block-list\">\n<li><a href=\"https:\/\/bananierbleu.fr\" target=\"_blank\" rel=\"noreferrer noopener\">Le Bananier bleu<\/a><\/li>\n\n\n\n<li><a href=\"https:\/\/shop.bananierbleu.fr\" target=\"_blank\" rel=\"noreferrer noopener\">La boutique en ligne du Bananier bleu<\/a><\/li>\n\n\n\n<li><a href=\"http:\/\/musiquesenvrac.blogspot.fr\" target=\"_blank\" rel=\"noreferrer noopener\">Notes bleues et nuits blanches<\/a><\/li>\n\n\n\n<li><a href=\"https:\/\/lagence.bananierbleu.fr\" target=\"_blank\" rel=\"noreferrer noopener\">L&rsquo;agence du Bananier bleu<\/a><\/li>\n<\/ul>\n<\/div>\n\n\n\n<div class=\"wp-block-column is-layout-flow wp-block-column-is-layout-flow\" style=\"flex-basis:25%\">\n<div class=\"wp-block-contact-form-7-contact-form-selector\"><div class=\"cf7sg-container cf7sg-not-grid\"><div id=\"cf7sg-form-contact-1\" class=\"key_contact-1\">\n<div class=\"wpcf7 no-js\" id=\"wpcf7-f4-o1\" lang=\"fr-FR\" dir=\"ltr\" data-wpcf7-id=\"4\">\n<div class=\"screen-reader-response\"><p role=\"status\" aria-live=\"polite\" aria-atomic=\"true\"><\/p> <ul><\/ul><\/div>\n<form action=\"\/en\/wp-json\/wp\/v2\/pages\/292#wpcf7-f4-o1\" method=\"post\" class=\"wpcf7-form init\" aria-label=\"Formulaire de contact\" novalidate=\"novalidate\" data-status=\"init\" data-trp-original-action=\"\/en\/wp-json\/wp\/v2\/pages\/292#wpcf7-f4-o1\">\n<fieldset class=\"hidden-fields-container\"><input type=\"hidden\" name=\"_wpcf7\" value=\"4\" \/><input type=\"hidden\" name=\"_wpcf7_version\" value=\"6.1.5\" \/><input type=\"hidden\" name=\"_wpcf7_locale\" value=\"fr_FR\" \/><input type=\"hidden\" name=\"_wpcf7_unit_tag\" value=\"wpcf7-f4-o1\" \/><input type=\"hidden\" name=\"_wpcf7_container_post\" value=\"0\" \/><input type=\"hidden\" name=\"_wpcf7_posted_data_hash\" value=\"\" \/><input type=\"hidden\" name=\"_wpcf7_key\" value=\"contact-1\" \/><input type=\"hidden\" name=\"_cf7sg_toggles\" value=\"\" \/><input type=\"hidden\" name=\"_cf7sg_version\" value=\"4.15.8\" \/><input type=\"hidden\" name=\"_wpnonce\" value=\"832aaa2630\" \/>\n<\/fieldset>\n<p><label> Your name<br \/>\n<span class=\"wpcf7-form-control-wrap\" data-name=\"your-name\"><input size=\"40\" maxlength=\"400\" class=\"wpcf7-form-control wpcf7-text wpcf7-validates-as-required\" autocomplete=\"name\" aria-required=\"true\" aria-invalid=\"false\" value=\"\" type=\"text\" name=\"your-name\" \/><\/span> <\/label>\n<\/p>\n<p><label> Email address<br \/>\n<span class=\"wpcf7-form-control-wrap\" data-name=\"your-email\"><input size=\"40\" maxlength=\"400\" class=\"wpcf7-form-control wpcf7-email wpcf7-validates-as-required wpcf7-text wpcf7-validates-as-email\" autocomplete=\"email\" aria-required=\"true\" aria-invalid=\"false\" value=\"\" type=\"email\" name=\"your-email\" \/><\/span> <\/label>\n<\/p>\n<p><label> Subject<br \/>\n<span class=\"wpcf7-form-control-wrap\" data-name=\"your-subject\"><input size=\"40\" maxlength=\"400\" class=\"wpcf7-form-control wpcf7-text wpcf7-validates-as-required\" aria-required=\"true\" aria-invalid=\"false\" value=\"\" type=\"text\" name=\"your-subject\" \/><\/span> <\/label>\n<\/p>\n<p><label> Your message<br \/>\n<span class=\"wpcf7-form-control-wrap\" data-name=\"your-message\"><textarea cols=\"40\" rows=\"10\" maxlength=\"2000\" class=\"wpcf7-form-control wpcf7-textarea\" aria-invalid=\"false\" name=\"your-message\"><\/textarea><\/span> <\/label>\n<\/p>\n<p><span id=\"wpcf7-69dbe4bf3c3f5-wrapper\" class=\"wpcf7-form-control-wrap opt-outemail-wrap\" style=\"display:none !important; visibility:hidden !important;\"><input type=\"hidden\" name=\"opt-outemail-time-start\" value=\"1776018623\"><input type=\"hidden\" name=\"opt-outemail-time-check\" value=\"4\"><label for=\"wpcf7-69dbe4bf3c3f5-field\" class=\"hp-message\">Veuillez laisser ce champ vide.<\/label><input id=\"wpcf7-69dbe4bf3c3f5-field\"  class=\"wpcf7-form-control wpcf7-text\" type=\"text\" name=\"opt-outemail\" value=\"\" size=\"40\" tabindex=\"-1\" autocomplete=\"off\" \/><\/span>\n<\/p>\n<p><input class=\"wpcf7-form-control wpcf7-submit has-spinner\" type=\"submit\" value=\"Send\" \/>\n<\/p><p style=\"display: none !important;\" class=\"akismet-fields-container\" data-prefix=\"_wpcf7_ak_\"><label>&#916;<textarea name=\"_wpcf7_ak_hp_textarea\" cols=\"45\" rows=\"8\" maxlength=\"100\"><\/textarea><\/label><input type=\"hidden\" id=\"ak_js_1\" name=\"_wpcf7_ak_js\" value=\"55\"\/><script>document.getElementById( \"ak_js_1\" ).setAttribute( \"value\", ( new Date() ).getTime() );<\/script><\/p><div class=\"wpcf7-response-output\" aria-hidden=\"true\"><\/div>\n<input type=\"hidden\" name=\"trp-form-language\" value=\"en\"\/><\/form>\n<\/div>\n<\/div><\/div><\/div>\n<\/div>\n<\/div>","protected":false},"excerpt":{"rendered":"<p>Depuis 2020, je poste avec plus ou moins de r\u00e9gularit\u00e9 sur Instagram une petite discoth\u00e8que afro-carib\u00e9enne, assortie de courtes pr\u00e9sentations. Encore un projet d\u00e9marr\u00e9 \u00e0 l\u2019occasion de l\u2019\u00e9trange p\u00e9riode du confinement\u2026 pour s\u2019occuper et se changer les id\u00e9es ! L\u2019objectif \u00e9tait de faire revivre les disques, historiques, anecdotiques, oubli\u00e9s ou bien incontournables, qui ont jalonn\u00e9 [&hellip;]<\/p>\n","protected":false},"author":1,"featured_media":0,"parent":0,"menu_order":0,"comment_status":"closed","ping_status":"closed","template":"","meta":{"_acf_changed":false,"_uag_custom_page_level_css":"","site-sidebar-layout":"default","site-content-layout":"","ast-site-content-layout":"default","site-content-style":"default","site-sidebar-style":"default","ast-global-header-display":"","ast-banner-title-visibility":"","ast-main-header-display":"","ast-hfb-above-header-display":"","ast-hfb-below-header-display":"","ast-hfb-mobile-header-display":"","site-post-title":"","ast-breadcrumbs-content":"","ast-featured-img":"","footer-sml-layout":"","ast-disable-related-posts":"","theme-transparent-header-meta":"","adv-header-id-meta":"","stick-header-meta":"","header-above-stick-meta":"","header-main-stick-meta":"","header-below-stick-meta":"","astra-migrate-meta-layouts":"set","ast-page-background-enabled":"default","ast-page-background-meta":{"desktop":{"background-color":"var(--ast-global-color-4)","background-image":"","background-repeat":"repeat","background-position":"center center","background-size":"auto","background-attachment":"scroll","background-type":"","background-media":"","overlay-type":"","overlay-color":"","overlay-opacity":"","overlay-gradient":""},"tablet":{"background-color":"","background-image":"","background-repeat":"repeat","background-position":"center center","background-size":"auto","background-attachment":"scroll","background-type":"","background-media":"","overlay-type":"","overlay-color":"","overlay-opacity":"","overlay-gradient":""},"mobile":{"background-color":"","background-image":"","background-repeat":"repeat","background-position":"center center","background-size":"auto","background-attachment":"scroll","background-type":"","background-media":"","overlay-type":"","overlay-color":"","overlay-opacity":"","overlay-gradient":""}},"ast-content-background-meta":{"desktop":{"background-color":"var(--ast-global-color-5)","background-image":"","background-repeat":"repeat","background-position":"center center","background-size":"auto","background-attachment":"scroll","background-type":"","background-media":"","overlay-type":"","overlay-color":"","overlay-opacity":"","overlay-gradient":""},"tablet":{"background-color":"var(--ast-global-color-5)","background-image":"","background-repeat":"repeat","background-position":"center center","background-size":"auto","background-attachment":"scroll","background-type":"","background-media":"","overlay-type":"","overlay-color":"","overlay-opacity":"","overlay-gradient":""},"mobile":{"background-color":"var(--ast-global-color-5)","background-image":"","background-repeat":"repeat","background-position":"center center","background-size":"auto","background-attachment":"scroll","background-type":"","background-media":"","overlay-type":"","overlay-color":"","overlay-opacity":"","overlay-gradient":""}},"footnotes":""},"musicien":[],"class_list":["post-292","page","type-page","status-publish","hentry"],"acf":[],"uagb_featured_image_src":{"full":false,"thumbnail":false,"medium":false,"medium_large":false,"large":false,"1536x1536":false,"2048x2048":false,"trp-custom-language-flag":false,"yarpp-thumbnail":false},"uagb_author_info":{"display_name":"le Bananier bleu","author_link":"https:\/\/afrocaribbeanbeats.com\/en\/author\/christophe971_dmw217xi\/"},"uagb_comment_info":0,"uagb_excerpt":"Depuis 2020, je poste avec plus ou moins de r\u00e9gularit\u00e9 sur Instagram une petite discoth\u00e8que afro-carib\u00e9enne, assortie de courtes pr\u00e9sentations. Encore un projet d\u00e9marr\u00e9 \u00e0 l\u2019occasion de l\u2019\u00e9trange p\u00e9riode du confinement\u2026 pour s\u2019occuper et se changer les id\u00e9es ! L\u2019objectif \u00e9tait de faire revivre les disques, historiques, anecdotiques, oubli\u00e9s ou bien incontournables, qui ont jalonn\u00e9&hellip;","_links":{"self":[{"href":"https:\/\/afrocaribbeanbeats.com\/en\/wp-json\/wp\/v2\/pages\/292","targetHints":{"allow":["GET"]}}],"collection":[{"href":"https:\/\/afrocaribbeanbeats.com\/en\/wp-json\/wp\/v2\/pages"}],"about":[{"href":"https:\/\/afrocaribbeanbeats.com\/en\/wp-json\/wp\/v2\/types\/page"}],"author":[{"embeddable":true,"href":"https:\/\/afrocaribbeanbeats.com\/en\/wp-json\/wp\/v2\/users\/1"}],"replies":[{"embeddable":true,"href":"https:\/\/afrocaribbeanbeats.com\/en\/wp-json\/wp\/v2\/comments?post=292"}],"version-history":[{"count":46,"href":"https:\/\/afrocaribbeanbeats.com\/en\/wp-json\/wp\/v2\/pages\/292\/revisions"}],"predecessor-version":[{"id":8618,"href":"https:\/\/afrocaribbeanbeats.com\/en\/wp-json\/wp\/v2\/pages\/292\/revisions\/8618"}],"wp:attachment":[{"href":"https:\/\/afrocaribbeanbeats.com\/en\/wp-json\/wp\/v2\/media?parent=292"}],"wp:term":[{"taxonomy":"musicien","embeddable":true,"href":"https:\/\/afrocaribbeanbeats.com\/en\/wp-json\/wp\/v2\/musicien?post=292"}],"curies":[{"name":"wp","href":"https:\/\/api.w.org\/{rel}","templated":true}]}}